{"id":10,"date":"2017-06-18T03:22:08","date_gmt":"2017-06-18T03:22:08","guid":{"rendered":"http:\/\/blog.geschenktes-geld.de\/?page_id=10"},"modified":"2019-10-03T08:21:29","modified_gmt":"2019-10-03T06:21:29","slug":"startseite","status":"publish","type":"page","link":"http:\/\/blog.geschenktes-geld.de\/","title":{"rendered":"Ich verschenke Geld"},"content":{"rendered":"<p class=\"paragraph_style\">Ja; ihr lest richtig. Ich verschenke einfach Geld. Keine Bedingungen, keine Haken, keine Werbung, keine Verpflichtung, einfach so.<\/p>\n<p class=\"paragraph_style\">Warum? \u00a0 \u00a0 \u00a0 \u00a0 (geschrieben 2003)<\/p>\n<p class=\"paragraph_style\">Mich kotzt diese ganze Scheinwelt an: \u00dcberall bekommt man angeblich was geschenkt, aber meistens h\u00e4ngt irgendwas dran. Die Site hatte ich eigentlich angelegt um mit der Internet Werbung und Partner Programmen Geld zu verdienen. Alles Quatsch, der Aufwand den ich h\u00e4tte betreiben m\u00fcssen rechtfertigt den Ertrag nicht. Die Kr\u00f6nung des ganzen war ein Volksfest vor ein paar Wochen. Mindestens 5 Gl\u00fccksr\u00e4der, an denen mein Sohn kostenlos drehen durfte f\u00fcr ein \u201c tolles Geschenk\u201d Das war dann ein \u00fcbergrosser 20\u20ac Schein, und die \u201cnette Tante\u201d wollte dem Papi nur kurz erkl\u00e4ren, was er machen muss um die 20\u20ac zu bekommen. Alles Scheisse! Wie soll ich meinen Kindern erkl\u00e4ren, das es doch nur einen Papierzettel gab und es in dieser Gesellschaft nichts geschenkt gibt?<\/p>\n<p class=\"paragraph_style\">Also hab ich mir \u00fcberlegt einfach alles anders zu machen. Deshalb verschenke ich einfach so Geld. Erstmal <span style=\"color: #ff0000;\"><strong><span class=\"style\">10\u20ac<\/span> <\/strong><\/span>im Monat<span class=\"style_1\">*<\/span>. (Ich bin auch kein Million\u00e4r). Mailt mir einfach, warum ich euch das Geld geben soll. Ich hab nur eine Bitte. Seid ehrlich, Ihr braucht euch keine wilden Stories auszudenken.<\/p>\n<p>Benutzt daf\u00fcr bitte die Funktion <strong>&#8220;<a href=\"http:\/\/blog.geschenktes-geld.de\/?page_id=29\">email an mich<\/a><\/strong>&#8221; \u00a0und nicht die\u00a0Kommentare unter den Seiten. Was ihr in den Kommentaren schreibt, kann jeder lesen. Die email an mich lese nur ich. Die Kommentare sind wirklich nur Kommentare und Diskussionen, die jeder lesen kann.<\/p>\n<p class=\"paragraph_style\">Schreibt mir einfach warum, und ich such mir jeden Monat jemanden raus dem ich das Geld schicke.<\/p>\n<p class=\"paragraph_style\">Schickt mir keine Kontonummern oder sowas. Wem ich das Geld gebe, dem schick ich eine email. Ich \u00fcberweise das Geld, schicke es per Post oder \u00fcber paypal.<\/p>\n<p class=\"paragraph_style_1\"><a title=\"Blog\/Blog.html\" href=\"http:\/\/blog.geschenktes-geld.de\/?page_id=11\">Ich werde hier jeden Monat ver\u00f6ffentlichen (anonym) wer warum das Geld bekommen hat. Ich denke die Zuschriften werden sicher interessant.<\/a><span class=\"style_2\"><br \/>\n<\/span><\/p>\n<p class=\"paragraph_style\">Wenn mir die Sache Spass macht verschenke ich auch mehr.<\/p>\n<p style=\"text-align: right;\">Frank<\/p>\n<p class=\"paragraph_style\"><span class=\"style_1\">*<\/span> Ok, ich muss einsehen, das ich es wirklich nicht mehr jeden Monat schaffe. Die Abst\u00e4nde zwischen meinen Geschenk Aktionen werden immer gr\u00f6sser. Aber daf\u00fcr bekommen auch mehr als nur einer pro Monat was geschenkt.<\/p>\n<ol>\n<li class=\"full-width\">\n<p class=\"paragraph_style_2\"><span class=\"Aufz\u00e4hlungszeichen\">*<\/span><span class=\"style_1\">06.08.2014<\/span> Hallo an alle, ich will mich nur schnell melden. Es gibt mich noch, ich verschenke noch Geld, mein Projekt lebt. habe nur leider keine Zeit, die Seite hier richtig aktuell zu halten. Ich nehm es mir jeden tag vor&#8230;<\/p>\n<\/li>\n<li class=\"full-width\">\n<p class=\"paragraph_style_2\"><span class=\"Aufz\u00e4hlungszeichen\">*<\/span><span class=\"style_1\">* 18.11.2016<\/span> Ich will mich nur nochmal kurz melden. Also die Aktion l\u00e4uft noch, die Seite ist aktuell und ich lese alle Eure emails. Ich antworte aber in der Regel nicht, lest die Begr\u00fcndung dazu im<a title=\"Blog\/Blog.html\" href=\"http:\/\/blog.geschenktes-geld.de\/?page_id=11\"> Blog. <\/a>Inzwischen lebe ich in China. Deshalb versteht Ihr sicher, das ich das Geld nur noch per \u00dcberweisung oder paypal sende. Falls Ihr eine andere Variante kennt die ich von China aus machen kann, bin ich offen daf\u00fcr.<\/p>\n<\/li>\n<li class=\"full-width\">\n<p class=\"paragraph_style_2\"><span class=\"Aufz\u00e4hlungszeichen\">*<\/span>03.10.2019 Ja die Seite ist noch aktiv und die Aktion l\u00e4uft noch<\/p>\n<\/li>\n<\/ol>\n<h4><span style=\"color: #000000;\"><strong><span style=\"color: #ff0000;\">Die Kommentarfunktion hier unten ist nur f\u00fcr \u00f6ffentliche Kommentare und Diskussionen. Wer mich pers\u00f6nlich kontaktieren\u00a0M\u00d6CHTE\u00a0nutzt bitte die Funktion &#8220;<a href=\"http:\/\/blog.geschenktes-geld.de\/?page_id=29\">email an MICH<\/a>&#8220;<\/span><\/strong><\/span><\/h4>\n","protected":false},"excerpt":{"rendered":"<p>Ja; ihr lest richtig. Ich verschenke einfach Geld. Keine Bedingungen, keine Haken, keine Werbung, keine Verpflichtung, einfach so. Warum? \u00a0 \u00a0 \u00a0 \u00a0 (geschrieben 2003) Mich kotzt diese ganze Scheinwelt an: \u00dcberall bekommt man angeblich was geschenkt, aber meistens h\u00e4ngt irgendwas dran. Die Site hatte ich eigentlich angelegt um mit der Internet Werbung und Partner &hellip; <a href=\"http:\/\/blog.geschenktes-geld.de\/\" class=\"more-link\">Weiterlesen <span class=\"screen-reader-text\">Ich verschenke Geld<\/span><\/a><\/p>\n","protected":false},"author":1,"featured_media":0,"parent":0,"menu_order":0,"comment_status":"open","ping_status":"closed","template":"","meta":{"jetpack_post_was_ever_published":false,"footnotes":""},"jetpack_sharing_enabled":true,"jetpack_shortlink":"https:\/\/wp.me\/P8QNB0-a","jetpack-related-posts":[],"_links":{"self":[{"href":"http:\/\/blog.geschenktes-geld.de\/index.php?rest_route=\/wp\/v2\/pages\/10"}],"collection":[{"href":"http:\/\/blog.geschenktes-geld.de\/index.php?rest_route=\/wp\/v2\/pages"}],"about":[{"href":"http:\/\/blog.geschenktes-geld.de\/index.php?rest_route=\/wp\/v2\/types\/page"}],"author":[{"embeddable":true,"href":"http:\/\/blog.geschenktes-geld.de\/index.php?rest_route=\/wp\/v2\/users\/1"}],"replies":[{"embeddable":true,"href":"http:\/\/blog.geschenktes-geld.de\/index.php?rest_route=%2Fwp%2Fv2%2Fcomments&post=10"}],"version-history":[{"count":11,"href":"http:\/\/blog.geschenktes-geld.de\/index.php?rest_route=\/wp\/v2\/pages\/10\/revisions"}],"predecessor-version":[{"id":336,"href":"http:\/\/blog.geschenktes-geld.de\/index.php?rest_route=\/wp\/v2\/pages\/10\/revisions\/336"}],"wp:attachment":[{"href":"http:\/\/blog.geschenktes-geld.de\/index.php?rest_route=%2Fwp%2Fv2%2Fmedia&parent=10"}],"curies":[{"name":"wp","href":"https:\/\/api.w.org\/{rel}","templated":true}]}}