{"id":16,"date":"2017-06-18T03:42:42","date_gmt":"2017-06-18T03:42:42","guid":{"rendered":"http:\/\/blog.geschenktes-geld.de\/?page_id=16"},"modified":"2017-06-18T12:39:33","modified_gmt":"2017-06-18T10:39:33","slug":"wer-bin-ich","status":"publish","type":"page","link":"http:\/\/blog.geschenktes-geld.de\/?page_id=16","title":{"rendered":"Wer bin Ich ?"},"content":{"rendered":"<div id=\"body_layer\">\n<div id=\"id2\" class=\"style_SkipStroke_2 shape-with-text\">\n<div class=\"text-content graphic_textbox_layout_style_default_External_641_433\">\n<div class=\"graphic_textbox_layout_style_default\">\n<p class=\"Free_Form\">Da ich die wildesten Vermutungen mitbekomme, wer denn hier so bl\u00f6d ist einfach sein Geld zu verschenken, schreib ich mal ein bisschen \u00fcber mich:<\/p>\n<ul>\n<li class=\"full-width\">\n<p class=\"paragraph_style\">ich bin Baujahr 67<\/p>\n<\/li>\n<li class=\"full-width\">\n<p class=\"paragraph_style\">Vater von 2 super S\u00f6hnen (15,17)<\/p>\n<\/li>\n<li class=\"full-width\">\n<p class=\"paragraph_style\">selbstst\u00e4ndiger und angestellter Ossi<\/p>\n<\/li>\n<li class=\"full-width\">\n<p class=\"paragraph_style\">verdiene gut, aber unter dem Bundes &#8211; Durchschnitt<\/p>\n<\/li>\n<li class=\"full-width\">\n<p class=\"paragraph_style\">die H\u00f6he meiner Spar Einlagen liegt auch unter dem Bundes &#8211; Durchschnitt (ich frag mich, wer da f\u00fcr mich mit spart?)<\/p>\n<\/li>\n<li class=\"full-width\">\n<p class=\"paragraph_style\">habe noch nicht im Lotto gewonnen (aber habe es fest vor!)<\/p>\n<\/li>\n<li class=\"full-width\">\n<p class=\"paragraph_style\">hatte in Rechtschreibung immer eine 5 daf\u00fcr in Lesen eine 1<\/p>\n<\/li>\n<li class=\"full-width\">\n<p class=\"paragraph_style\">Meine Lieblingsb\u00fccher sind : Der Zauberer der Smaragdenstadt \/ Urfin und seine Holzsoldaten \/ Die sieben unterirdischen K\u00f6nige\/ Der Feuergott der Maranen \/ Der gelbe Nebel \/ Das Geheimniss des verlassenen Schlosses \/ Menschen wie G\u00f6tter \/ Sch\u00f6ne neue Welt<\/p>\n<\/li>\n<li class=\"full-width\">\n<p class=\"paragraph_style\">Mein Name ist nicht J\u00fcrgen&#8230;.<\/p>\n<\/li>\n<\/ul>\n<p class=\"paragraph_style_1\" style=\"text-align: right;\"><a title=\"Blog\/Eintrage\/2007\/5\/25_Ich_bin_noch_da.html\" href=\"http:\/\/blog.geschenktes-geld.de\/?p=78\"><span class=\"style\">\u00a0 \u00a0 \u00a0 \u00a0 \u00a0 \u00a0 \u00a0 \u00a0 \u00a0 \u00a0 \u00a0 \u00a0 \u00a0 \u00a0 \u00a0 \u00a0kann man anklicken -&gt; \u00a0 \u00a0 \u00a0 \u00a0 \u00a0 \u00a0 \u00a0 \u00a0 \u00a0 \u00a0 \u00a0 \u00a0 \u00a0 \u00a0 \u00a0 \u00a0 \u00a0 \u00a0 \u00a0 \u00a0 \u00a0 \u00a0 Respekt to J\u00fcrgen W. <\/span><span class=\"style_1\"><br \/>\n<\/span>you will never die in our hearts<\/a><span class=\"style_1\"><br \/>\n<\/span><\/p>\n<div id=\"attachment_112\" style=\"width: 745px\" class=\"wp-caption alignnone\"><img loading=\"lazy\" decoding=\"async\" aria-describedby=\"caption-attachment-112\" data-attachment-id=\"112\" data-permalink=\"http:\/\/blog.geschenktes-geld.de\/?attachment_id=112#main\" data-orig-file=\"https:\/\/i0.wp.com\/blog.geschenktes-geld.de\/wp-content\/uploads\/2017\/06\/f2.png?fit=735%2C902\" data-orig-size=\"735,902\" data-comments-opened=\"1\" data-image-meta=\"{&quot;aperture&quot;:&quot;0&quot;,&quot;credit&quot;:&quot;&quot;,&quot;camera&quot;:&quot;&quot;,&quot;caption&quot;:&quot;&quot;,&quot;created_timestamp&quot;:&quot;0&quot;,&quot;copyright&quot;:&quot;&quot;,&quot;focal_length&quot;:&quot;0&quot;,&quot;iso&quot;:&quot;0&quot;,&quot;shutter_speed&quot;:&quot;0&quot;,&quot;title&quot;:&quot;&quot;,&quot;orientation&quot;:&quot;0&quot;}\" data-image-title=\"f2\" data-image-description=\"\" data-image-caption=\"\" data-medium-file=\"https:\/\/i0.wp.com\/blog.geschenktes-geld.de\/wp-content\/uploads\/2017\/06\/f2.png?fit=244%2C300\" data-large-file=\"https:\/\/i0.wp.com\/blog.geschenktes-geld.de\/wp-content\/uploads\/2017\/06\/f2.png?fit=620%2C761\" class=\"wp-image-112 size-full\" src=\"https:\/\/i0.wp.com\/blog.geschenktes-geld.de\/wp-content\/uploads\/2017\/06\/f2.png?resize=620%2C761\" alt=\"\" width=\"620\" height=\"761\" srcset=\"https:\/\/i0.wp.com\/blog.geschenktes-geld.de\/wp-content\/uploads\/2017\/06\/f2.png?w=735 735w, https:\/\/i0.wp.com\/blog.geschenktes-geld.de\/wp-content\/uploads\/2017\/06\/f2.png?resize=244%2C300 244w, https:\/\/i0.wp.com\/blog.geschenktes-geld.de\/wp-content\/uploads\/2017\/06\/f2.png?resize=310%2C380 310w\" sizes=\"(max-width: 620px) 100vw, 620px\" data-recalc-dims=\"1\" \/><p id=\"caption-attachment-112\" class=\"wp-caption-text\">so sehen mich meine Kinder \ud83d\ude42<\/dd>\n<dd class=\"wp-caption-dd\"><\/p><\/div>\n<div id=\"attachment_113\" style=\"width: 401px\" class=\"wp-caption alignnone\"><img loading=\"lazy\" decoding=\"async\" aria-describedby=\"caption-attachment-113\" data-attachment-id=\"113\" data-permalink=\"http:\/\/blog.geschenktes-geld.de\/?attachment_id=113#main\" data-orig-file=\"https:\/\/i0.wp.com\/blog.geschenktes-geld.de\/wp-content\/uploads\/2017\/06\/f1.png?fit=441%2C1154\" data-orig-size=\"441,1154\" data-comments-opened=\"1\" data-image-meta=\"{&quot;aperture&quot;:&quot;0&quot;,&quot;credit&quot;:&quot;&quot;,&quot;camera&quot;:&quot;&quot;,&quot;caption&quot;:&quot;&quot;,&quot;created_timestamp&quot;:&quot;0&quot;,&quot;copyright&quot;:&quot;&quot;,&quot;focal_length&quot;:&quot;0&quot;,&quot;iso&quot;:&quot;0&quot;,&quot;shutter_speed&quot;:&quot;0&quot;,&quot;title&quot;:&quot;&quot;,&quot;orientation&quot;:&quot;0&quot;}\" data-image-title=\"f1\" data-image-description=\"\" data-image-caption=\"\" data-medium-file=\"https:\/\/i0.wp.com\/blog.geschenktes-geld.de\/wp-content\/uploads\/2017\/06\/f1.png?fit=115%2C300\" data-large-file=\"https:\/\/i0.wp.com\/blog.geschenktes-geld.de\/wp-content\/uploads\/2017\/06\/f1.png?fit=391%2C1024\" class=\"wp-image-113 size-large\" src=\"https:\/\/i0.wp.com\/blog.geschenktes-geld.de\/wp-content\/uploads\/2017\/06\/f1.png?resize=391%2C1024\" alt=\"\" width=\"391\" height=\"1024\" srcset=\"https:\/\/i0.wp.com\/blog.geschenktes-geld.de\/wp-content\/uploads\/2017\/06\/f1.png?resize=391%2C1024 391w, https:\/\/i0.wp.com\/blog.geschenktes-geld.de\/wp-content\/uploads\/2017\/06\/f1.png?resize=115%2C300 115w, https:\/\/i0.wp.com\/blog.geschenktes-geld.de\/wp-content\/uploads\/2017\/06\/f1.png?resize=145%2C380 145w, https:\/\/i0.wp.com\/blog.geschenktes-geld.de\/wp-content\/uploads\/2017\/06\/f1.png?w=441 441w\" sizes=\"(max-width: 391px) 100vw, 391px\" data-recalc-dims=\"1\" \/><p id=\"caption-attachment-113\" class=\"wp-caption-text\">so sehen mich meine Kollegen \ud83d\ude09<\/dd>\n<dd class=\"wp-caption-dd\"><\/p><\/div>\n<div id=\"attachment_111\" style=\"width: 843px\" class=\"wp-caption alignnone\"><img loading=\"lazy\" decoding=\"async\" aria-describedby=\"caption-attachment-111\" data-attachment-id=\"111\" data-permalink=\"http:\/\/blog.geschenktes-geld.de\/?attachment_id=111#main\" data-orig-file=\"https:\/\/i0.wp.com\/blog.geschenktes-geld.de\/wp-content\/uploads\/2017\/06\/f3.png?fit=833%2C833\" data-orig-size=\"833,833\" data-comments-opened=\"1\" data-image-meta=\"{&quot;aperture&quot;:&quot;0&quot;,&quot;credit&quot;:&quot;&quot;,&quot;camera&quot;:&quot;&quot;,&quot;caption&quot;:&quot;&quot;,&quot;created_timestamp&quot;:&quot;0&quot;,&quot;copyright&quot;:&quot;&quot;,&quot;focal_length&quot;:&quot;0&quot;,&quot;iso&quot;:&quot;0&quot;,&quot;shutter_speed&quot;:&quot;0&quot;,&quot;title&quot;:&quot;&quot;,&quot;orientation&quot;:&quot;0&quot;}\" data-image-title=\"f3\" data-image-description=\"\" data-image-caption=\"&lt;p&gt;so sehe ich mich&lt;\/p&gt;\n\" data-medium-file=\"https:\/\/i0.wp.com\/blog.geschenktes-geld.de\/wp-content\/uploads\/2017\/06\/f3.png?fit=300%2C300\" data-large-file=\"https:\/\/i0.wp.com\/blog.geschenktes-geld.de\/wp-content\/uploads\/2017\/06\/f3.png?fit=620%2C620\" class=\"size-full wp-image-111\" src=\"https:\/\/i0.wp.com\/blog.geschenktes-geld.de\/wp-content\/uploads\/2017\/06\/f3.png?resize=620%2C620\" alt=\"\" width=\"620\" height=\"620\" srcset=\"https:\/\/i0.wp.com\/blog.geschenktes-geld.de\/wp-content\/uploads\/2017\/06\/f3.png?w=833 833w, https:\/\/i0.wp.com\/blog.geschenktes-geld.de\/wp-content\/uploads\/2017\/06\/f3.png?resize=150%2C150 150w, https:\/\/i0.wp.com\/blog.geschenktes-geld.de\/wp-content\/uploads\/2017\/06\/f3.png?resize=300%2C300 300w, https:\/\/i0.wp.com\/blog.geschenktes-geld.de\/wp-content\/uploads\/2017\/06\/f3.png?resize=768%2C768 768w, https:\/\/i0.wp.com\/blog.geschenktes-geld.de\/wp-content\/uploads\/2017\/06\/f3.png?resize=90%2C90 90w, https:\/\/i0.wp.com\/blog.geschenktes-geld.de\/wp-content\/uploads\/2017\/06\/f3.png?resize=380%2C380 380w\" sizes=\"(max-width: 620px) 100vw, 620px\" data-recalc-dims=\"1\" \/><p id=\"caption-attachment-111\" class=\"wp-caption-text\">so sehe ich mich<\/p><\/div>\n<\/div>\n<\/div>\n<\/div>\n<div class=\"tinyText style_SkipStroke_3\"><\/div>\n<div id=\"id3\" class=\"style_SkipStroke_2 shape-with-text\"><\/div>\n<div id=\"id4\" class=\"style_SkipStroke_2 shape-with-text\"><\/div>\n<div class=\"spacer\"><\/div>\n<\/div>\n<div id=\"footer_layer\"><\/div>\n","protected":false},"excerpt":{"rendered":"<p>Da ich die wildesten Vermutungen mitbekomme, wer denn hier so bl\u00f6d ist einfach sein Geld zu verschenken, schreib ich mal ein bisschen \u00fcber mich: ich bin Baujahr 67 Vater von 2 super S\u00f6hnen (15,17) selbstst\u00e4ndiger und angestellter Ossi verdiene gut, aber unter dem Bundes &#8211; Durchschnitt die H\u00f6he meiner Spar Einlagen liegt auch unter dem &hellip; <a href=\"http:\/\/blog.geschenktes-geld.de\/?page_id=16\" class=\"more-link\">Weiterlesen <span class=\"screen-reader-text\">Wer bin Ich ?<\/span><\/a><\/p>\n","protected":false},"author":1,"featured_media":0,"parent":0,"menu_order":1,"comment_status":"open","ping_status":"closed","template":"","meta":{"jetpack_post_was_ever_published":false,"footnotes":""},"jetpack_sharing_enabled":true,"jetpack_shortlink":"https:\/\/wp.me\/P8QNB0-g","jetpack-related-posts":[],"_links":{"self":[{"href":"http:\/\/blog.geschenktes-geld.de\/index.php?rest_route=\/wp\/v2\/pages\/16"}],"collection":[{"href":"http:\/\/blog.geschenktes-geld.de\/index.php?rest_route=\/wp\/v2\/pages"}],"about":[{"href":"http:\/\/blog.geschenktes-geld.de\/index.php?rest_route=\/wp\/v2\/types\/page"}],"author":[{"embeddable":true,"href":"http:\/\/blog.geschenktes-geld.de\/index.php?rest_route=\/wp\/v2\/users\/1"}],"replies":[{"embeddable":true,"href":"http:\/\/blog.geschenktes-geld.de\/index.php?rest_route=%2Fwp%2Fv2%2Fcomments&post=16"}],"version-history":[{"count":6,"href":"http:\/\/blog.geschenktes-geld.de\/index.php?rest_route=\/wp\/v2\/pages\/16\/revisions"}],"predecessor-version":[{"id":114,"href":"http:\/\/blog.geschenktes-geld.de\/index.php?rest_route=\/wp\/v2\/pages\/16\/revisions\/114"}],"wp:attachment":[{"href":"http:\/\/blog.geschenktes-geld.de\/index.php?rest_route=%2Fwp%2Fv2%2Fmedia&parent=16"}],"curies":[{"name":"wp","href":"https:\/\/api.w.org\/{rel}","templated":true}]}}