{"id":21,"date":"2017-06-18T03:47:21","date_gmt":"2017-06-18T03:47:21","guid":{"rendered":"http:\/\/blog.geschenktes-geld.de\/?page_id=21"},"modified":"2017-06-18T04:14:04","modified_gmt":"2017-06-18T04:14:04","slug":"fragen","status":"publish","type":"page","link":"http:\/\/blog.geschenktes-geld.de\/?page_id=21","title":{"rendered":"Fragen"},"content":{"rendered":"<p class=\"Free_Form\"><span class=\"style\"><em><strong>wie kannst du es dir leisten einfach so Geld zu verschenken, bist ja auch kein Million\u00e4r wie Du sagst.<\/strong><\/em><br \/>\n<\/span>Wie gesagt, ich nage nicht am Hungertuch. Aber es ist nicht die Frage, ob ich es mir leisten kann, sondern ich leiste es mir, weil ich es so will. Ich will eben etwas anders machen, weil man eben in unserer Gesellschaft nichts geschenkt bekommt.<\/p>\n<p class=\"Free_Form\"><span class=\"style\"><em><strong>wieso belohnst du andere daf\u00fcr das du mit der Menschheit so schlechte Erfahrungen gemacht hast?<\/strong><\/em><br \/>\n<\/span>Ich denke nur meckern bringt nichts. Nur wenn wir etwas \u00e4ndern, kann die Welt besser werden. D.h. Nur wenn ich etwas anders mache kann die Welt besser werden.Ich glaube zwar nicht, das wegen meinen 10\u20ac gleich der Weltfrieden ausbricht, aber ich mache manchen damit eine Freude, bringe andere zum Nachdenken, und bin ein Vorbild f\u00fcr meine Kinder. Das ist doch schon mal ein Anfang.<\/p>\n<p class=\"Free_Form\"><span class=\"style\"><em><strong>Meinst Du nicht Du schmeisst Dein hart erarbeitetes Geld irgend welchen Schmarotzern in den Hals? Also ich w\u00fcrde keinem Glauben der mir schreibt er braucht das Geld.<\/strong><\/em><br \/>\n<\/span>Tja.., ja, ich glaube das was in den emails steht. warum auch nicht? Ich verschenke mein Geld ja ohne Bedingung. Also an jemanden, der mit seiner Freundin ins Kino will genauso, wie die Mutter die nichts mehr zu Essen im K\u00fchlschrank hat. Und ich will ja nicht mit meiner Aktion helfen, das kann ich mit 10\u20ac nicht. Das ist nicht mein Ziel. Also es gibt gar keinen Grund mir in den emails irgendwas vorzuflunkern, da es ja eh keinen Einfluss hat.Ich habe bis jetzt so 2500 emails gelesen, und ich glaub ich hatte bei keiner einzigen email das Gef\u00fchl verarscht zu werden.<\/p>\n<p class=\"Free_Form\"><span class=\"style_1\"><em><strong>Wer hat den heute noch was zu verschenken?<\/strong><\/em><br \/>\n<\/span>Ich! Und auch viele andere. Nur einige von denen wissen es noch nicht.<\/p>\n<p class=\"Free_Form\"><span class=\"style_1\"><em><strong>Hast Du eigentlich einen Knacks in der Birne? TIPP: Nicht zu warm baden und auf keinen Fall Drogen nehmen!<\/strong><\/em><br \/>\n<\/span>Vielen Dank f\u00fcr den Tipp, aber ich nehme keine Drogen, ich rauche nicht und ich trinke keinen Alkohol. Ich denke also Drogen k\u00f6nnen wir schon mal ausschliessen. Aber sollten wir uns nicht alle mal fragen, warum Ich der mit dem Knacks in der Birne bin?<\/p>\n<p class=\"paragraph_style_1\"><em><strong>Wie ist deine Meinung \u00fcber die Menschen, die dich schon nach Geld gefragt haben? Wie kommen sie dir vor? Das w\u00fcrde mich wirklich sehr interessieren!<\/strong><\/em><\/p>\n<p class=\"paragraph_style_2\">Das ist eine sehr interessante Frage. Ich denke das die Leute die mich nach Geld fragen sehr mutig sind und es geh\u00f6rt schon einiges dazu sich zu \u00fcberwinden und jemanden nach einem Geschenk zu fragen. Ich hab sehr hohe Achtung vor den Leuten die mir schreiben. Viele erz\u00e4hlen mir sehr private Sachen. Es ist f\u00fcr mich nicht immer einfach das alles auszuhalten und nicht helfen zu k\u00f6nnen. Durch die vielen Zuschriften weis ich ein bischen, wie gut es mir geht. Ich sehe aber auch viele Leute die durch Leichtsinnigkeit, Gutgl\u00e4ubigkeit oder einfach nur ohne nachzudenken in eine missliche Lage gekommen sind. Das ist schade. Ich bin den Leuten die mir schreiben aber auch dankbar, denn sie geben mir die Chance etwas gutes zu tun. Mir geht es gut und ich habe Gl\u00fcck im Leben. Ich m\u00f6chte das nicht alles f\u00fcr mich behalten und einfach etwas abgeben.<\/p>\n<p class=\"paragraph_style_3\"><em><strong>WIE KANNST DU GELD VERSCHENKEN WENN DU SELBST VERSCHULDET BIST, ???<\/strong><\/em><\/p>\n<p class=\"paragraph_style_4\">Verschuldet zu sein muss nichts schlechtes sein. Solange ich meine Raten bezahlen kann, kann ich mit dem restlichen Geld machen was ich m\u00f6chte. Und zum Teil finanziere ich eben dieses Projekt damit.<\/p>\n","protected":false},"excerpt":{"rendered":"<p>wie kannst du es dir leisten einfach so Geld zu verschenken, bist ja auch kein Million\u00e4r wie Du sagst. Wie gesagt, ich nage nicht am Hungertuch. Aber es ist nicht die Frage, ob ich es mir leisten kann, sondern ich leiste es mir, weil ich es so will. Ich will eben etwas anders machen, weil &hellip; <a href=\"http:\/\/blog.geschenktes-geld.de\/?page_id=21\" class=\"more-link\">Weiterlesen <span class=\"screen-reader-text\">Fragen<\/span><\/a><\/p>\n","protected":false},"author":1,"featured_media":0,"parent":0,"menu_order":0,"comment_status":"open","ping_status":"closed","template":"","meta":{"jetpack_post_was_ever_published":false,"footnotes":""},"jetpack_sharing_enabled":true,"jetpack_shortlink":"https:\/\/wp.me\/P8QNB0-l","jetpack-related-posts":[],"_links":{"self":[{"href":"http:\/\/blog.geschenktes-geld.de\/index.php?rest_route=\/wp\/v2\/pages\/21"}],"collection":[{"href":"http:\/\/blog.geschenktes-geld.de\/index.php?rest_route=\/wp\/v2\/pages"}],"about":[{"href":"http:\/\/blog.geschenktes-geld.de\/index.php?rest_route=\/wp\/v2\/types\/page"}],"author":[{"embeddable":true,"href":"http:\/\/blog.geschenktes-geld.de\/index.php?rest_route=\/wp\/v2\/users\/1"}],"replies":[{"embeddable":true,"href":"http:\/\/blog.geschenktes-geld.de\/index.php?rest_route=%2Fwp%2Fv2%2Fcomments&post=21"}],"version-history":[{"count":1,"href":"http:\/\/blog.geschenktes-geld.de\/index.php?rest_route=\/wp\/v2\/pages\/21\/revisions"}],"predecessor-version":[{"id":22,"href":"http:\/\/blog.geschenktes-geld.de\/index.php?rest_route=\/wp\/v2\/pages\/21\/revisions\/22"}],"wp:attachment":[{"href":"http:\/\/blog.geschenktes-geld.de\/index.php?rest_route=%2Fwp%2Fv2%2Fmedia&parent=21"}],"curies":[{"name":"wp","href":"https:\/\/api.w.org\/{rel}","templated":true}]}}