{"id":23,"date":"2017-06-18T03:56:18","date_gmt":"2017-06-18T03:56:18","guid":{"rendered":"http:\/\/blog.geschenktes-geld.de\/?page_id=23"},"modified":"2017-11-17T08:37:59","modified_gmt":"2017-11-17T06:37:59","slug":"feedback","status":"publish","type":"page","link":"http:\/\/blog.geschenktes-geld.de\/?page_id=23","title":{"rendered":"Feedback"},"content":{"rendered":"<h4 class=\"Free_Form\">Auf dieser Seite will ich ein paar Zitate aus euren emails ver\u00f6ffentlichen. Alle Zitate werden anonym ver\u00f6ffentlicht, und ich werde drauf achten, das keine R\u00fcckschl\u00fcsse auf Euch m\u00f6glich sind.<\/h4>\n<p class=\"paragraph_style\"><strong>bei all der unendlichen gier die auf unserem planeten herscht,ist es sch\u00f6n da\u00df es noch menschen wie dich giebt.du hast mich zum nachdenken gebracht.mach weiter so<br \/>\n<\/strong><strong>die Welt w\u00e4re ein besserer Ort, wenn mehr Menschen auf so eine Idee kommen w\u00fcrden. Damit meine ich nicht, dass jeder Geld verschenken sollte, sondern dass man \u00f6fters einfach mal Gutes tun sollte, ohne daf\u00fcr irgendeine Gegenleistung zu erwarten. Letztendlich ist das der Schl\u00fcssel zum Gl\u00fccklichsein,<\/strong><\/p>\n<p class=\"Free_Form\"><span class=\"style_2\"><strong>Jetzt du Affe, ich hab dir schonmal geschrieben. Du kotzt mich an. Welcher Sekte geh\u00f6rst du an. Sei blo\u00df vorsichtig Alter sonst schepperts mal, aber ganz anders.<\/strong><br \/>\n<\/span>-&gt; Ja, Ihr lest richtig; ab und zu erhalte ich auch Drohungen. Den Verfasser dieser Drohung lade ich ganz herzlich zu mir ein, damit er sich selbst ein Bild machen kann, was ich hier mache!<\/p>\n<p class=\"Free_Form\"><strong>f<\/strong><span class=\"style_2\"><strong>rage mich, was das hier soll? warum verschenken Sie fremden Leuten \u00fcber Jahre hinweg so viel Geld?habe absolut kein Verst\u00e4ndnis f\u00fcr. Sie haben doch zwei Kinder.schon mal dr\u00fcber nachgedacht, denen was zu sparen?zum Beispiel f\u00fcr den F\u00fchrerschein?<\/strong><br \/>\n&gt;<\/span>Keine Sorge, meine Kinder m\u00fcssen unter meinem Verschenken nicht leiden. Aber ich denke es ist f\u00fcr sie wichtiger, das sie mich haben, das ich ein gutes Vorbild bin, und das Sie selbst auf eigenen F\u00fcssen stehen k\u00f6nnen. Und so etwas muss mann auch lernen, das kann man nicht geschenkt bekommen.<br \/>\n&gt; Hier noch ein kleines Update. Meine Kinder sind nun alt genug f\u00fcr den F\u00fchrerschein und ich habe genug Geld gehabt um Ihnen dabei zu helfen. Aber es gibt bei uns eine klare Regel: Wer durchf\u00e4llt muss alles weitere selbst bezahlen;)<\/p>\n<p class=\"paragraph_style\"><strong>Wollte eigentlich sagen, dass mir warm ums Herz geworden ist &#8230; und du hast mir mit deiner Aktion ein wenig mehr Hoffnung und Gl\u00fcck beschert \ud83d\ude42<\/strong><span class=\"style\"><br \/>\n<\/span><\/p>\n<p class=\"paragraph_style\"><strong>doch meine ich, dass durch solche Aktionen, wie du sie betreibst viel Gutes gestartet\/verursacht werden kann &#8211; es dauert halt seine Zeit&#8230;<\/strong><\/p>\n<p class=\"Free_Form\"><span class=\"style_2\"><strong>Schau dich um, verschenk dein Geld nicht um puplicity zu bekommen, sondern um wirklich zu helfen.<\/strong><br \/>\n<\/span>&gt;Ich habe es schon \u00f6fter hier geschrieben. Ich m\u00f6chte nicht helfen. Mit 10\u20ac kann man nicht helfen. Ich m\u00f6chte einfach ein Zeichen setzen. Das ist mein Projekt.<\/p>\n<p class=\"paragraph_style_1\"><strong>Alles nur geheuchelt! So ne scheisse schreiben, die du eh niemals einh\u00e4ltst also lass das bleiben und zieh niemandem den Speck durchs Maul!!<\/strong><\/p>\n<p class=\"paragraph_style_1\">&gt; Es ist mir klar, das viele zweifeln, das mein Projekt echt ist. Ich weis, das es echt ist, und die Leute die ich beschenkt habe wissen es. Alle anderen glauben mir, oder eben nicht. Was aber auch klar ist, ich kann nicht jeden, der mir schreibt etwas schenken; soviel habe ich nicht.<\/p>\n<p class=\"paragraph_style_3\"><strong>hallo Du kranker L\u00fcgner<\/strong><\/p>\n<p class=\"paragraph_style_3\"><strong>10 Euro mit Paypal zu verschenken riecht so nach L\u00fcge und Scheisse, wieder jemand der die Leute betr\u00fcgen will und welch j\u00e4mmerliches Zeugnis eineStory f\u00fcr 10 Euro zu erz\u00e4hlen, Drecksack, wir finden Dich raus und schlagen Dir auf die Fresse..<\/strong><\/p>\n<p class=\"paragraph_style_4\">&gt; leider konnte ich auf diese email nicht direkt antworten, da die Absender Adresse \u201egelogen\u201c war. Also versuche ich es hier:\u00a0 Setzt Euch mit mir in Verbindung, wir k\u00f6nnen uns gerne treffen und ich lass mir von Euch gerne \u201eauf die Fresse \u201e schlagen. Wenn Sie meine Seite richtig lesen, merken Sie, das ich das Geld nicht nur per paypal verschenke sondern einfach auch in einen Briefumschlag stecke, oder \u00fcberweise. Mir ist selbst klar, das in der heutigen Zeit wo soviel Betrug herrscht im Internet, die Leute wirklich vorsichtig sein m\u00fcssen. Das kann ich verstehen.<\/p>\n<p class=\"paragraph_style_4\">Ich kann Ihnen aber versichern, das mein Projekt ernst gemeint ist, und ich es schon seit 2003 durchziehe. Es mag f\u00fcr Sie unglaublich sein, das jemand einfach so Geld verschenkt, aber es ist nun mal so, ich mache das.<\/p>\n<p class=\"paragraph_style_4\">Ich kann es auch belegen, das ich seit 2003 die angegeben Summe (es ist sogar noch mehr) verschenkt habe ohne eine Gegenleistung zu bekommen. Mein Projekt ist echt und kein Betrug.<\/p>\n<p class=\"paragraph_style_4\">Falls Sie immer noch Interesse haben, mir auf die Fresse zu hauen, dann m\u00fcssen Sie das halt machen, die Leute die ich beschenkt habe und ich wissen, das das ganze keine L\u00fcge ist.<\/p>\n<p class=\"paragraph_style_3\"><strong>Woraus entnehmen Sie dem Ganzen dann den Wahrheitsgehalt?<\/strong><\/p>\n<p class=\"paragraph_style_4\">&gt;Ich denke mir ist der Wahrheitsgehalt \u00fcberhaupt nicht wichtig ist. Denn ich verschenke ohne eine Gegenleistung zu erwarten.<\/p>\n<p class=\"paragraph_style_4\">Deshalb ist es gar nicht n\u00f6tig mir was vorzuflunkern. Ich habe auch das Gef\u00fchl, das die Leute zu 99% ehrlich sind.<\/p>\n<p class=\"paragraph_style_4\">Einmal hab ich einer &#8220;alleinstehenden Mutter&#8221; ein Fahrrad f\u00fcr Ihr Kind gekauft. Danach bekam ich dann eine mail von Ihrer Nachbarin, das die Mutter doch nicht alleinstehend war.<\/p>\n<p class=\"paragraph_style_4\">Mir egal, ich denke das Kind hat sich trotzdem gefreut, und wenn ich so eine Aktion mache, muss ich eben auch damit rechnen, das Leute nicht ganz ehrlich zu mir sind. Das macht mir nichts aus, ich f\u00fchle mich dadurch nicht ausgenutzt.<br \/>\n&gt; \u00fcbrigens hat sich dann die Mutter nochmal bei mir gemeldet und war entsetzt wie jemand behaupten k\u00f6nne, das sie nicht alleinstehend w\u00e4re. Wie gesagt f\u00fcr mich ist das ganze nicht relevant, da ich ohne Bedingung verschenke. Aber f\u00fcrs Protokoll, ich glaube er urspr\u00fcnglichen Zuschrift, das die Mutter kleinstehend ist.<\/p>\n<p class=\"paragraph_style_5\"><strong>die Seite hat mich sehr zum nachdenken angeregt und mir gezeigt, wie gut ich es eigentlich habe , und dass es Menschen mit viel gr\u00f6\u00dferen Problemen gibt. Deshalb danke ich Ihnen einfach nur, f\u00fcr diese Erkenntnis die ich dank Ihnen gemacht habe.<\/strong><\/p>\n<p class=\"paragraph_style_5\"><strong>Sie haben es geschafft mich zu inspirieren. Daf\u00fcr m\u00f6chte ich mich bei ihnen bedanken. Sie haben mir einen Hauch frischen Mutes zum Glauben an das gute im Menschen verschafft. Vielleicht verstehe ich ihren Beweggrund, das hier zu machen, nicht richtig, aber es macht nichts. Ich kenne sie nicht, deshalb f\u00e4llt es mir leichter den (potentiellen) Schein tr\u00fcgen zu lassen. Warum nicht?; Wenn es mir dadurch besser geht.<\/strong><\/p>\n<p class=\"paragraph_style_5\"><strong>Wenn es so ist wie ich denke dann: Machen sie weiter so.<\/strong><\/p>\n<p class=\"paragraph_style_7\">{folgende Kommunikation m\u00f6chte ich Euch nicht vorenthalten}<\/p>\n<p class=\"paragraph_style_7\">email erhalten:<\/p>\n<p class=\"paragraph_style_5\"><strong>Du bist ein ganz sch\u00f6ner Dummschw\u00e4tzer,der die Leute zum Narren h\u00e4lt.<\/strong><\/p>\n<p class=\"paragraph_style_5\"><strong>Wenn du jetzt in China lebst, dann mit Sicherheit nur in deinen Tr\u00e4umen.<\/strong><\/p>\n<p class=\"paragraph_style_5\"><strong>Du hast kein Geld und schon gar nicht verschenkst du es.. wahrscheinlich bist du ein Selbstverliebtes Arschloch das von Hartz 4 lebt und selber nicht genug zum Leben hat.<\/strong><\/p>\n<p class=\"paragraph_style_5\"><strong>Eigentlich kannst du mir nur leid tun ,aber wenn es dich befriedigt mit deinem Geschreibe die Leute zu verarschen dann viel Spass weiterhin.<\/strong><\/p>\n<p class=\"paragraph_style_5\"><strong>PS.Wie w\u00e4re es mit dem 1000\u20ac auf mein PayPal Konto,bin alleinerziehende Mama und k\u00f6nnte es gut f\u00fcr meine 2 Jungs f\u00fcr das Ferienlager gebrauchen..<\/strong><\/p>\n<p class=\"paragraph_style_5\"><strong>Adresse steht ja ganz oben..mal sehn ob ich mich freuen kann<\/strong><\/p>\n<p class=\"paragraph_style_7\">meine Antwort:<\/p>\n<p class=\"paragraph_style_6\">vielen Dank, f\u00fcr Deine erfrischende email. Wenn Du meine Seite genauer gelesen hast, wirst Du ja wissen, das ich 10\u20ac verschenke. Die befinden sich im Moment schon auf Deinem Paypal Konto. Ich muss einfach schmunzeln, als ich Deine email gelesen habe. Es ist erfrischend mit welcher \u00dcberzeugung Du davon ausgehst, das Deine Vermutung wahr ist. Ich hab kurz \u00fcberlegt, ob ich Dir mein Visum mit den Einreisestempeln schicke, meinen Gehaltsnachweis, und Kontakte zu denen die ich beschenkt habe. Wenn Du m\u00f6chtest, gerne, aber ich denke das ist nicht n\u00f6tig. Ich m\u00f6chte Dich nicht mit den ganzen Details langweilen. Es ist nur interessant zu sehen, wie viele Leute mein Projekt f\u00fcr unglaublich halten und so sehr davon \u00fcberzeugt sind das das alles Lug und Trug ist. Ich kann es verstehen, weil vieles in unserer Gesellschaft nur Schein und Abzocke ist. Aber eigentlich ist es schade, das wir deswegen nicht mehr an das Gute im Menschen glauben. Anbei noch ein Bild, von meiner Firmener\u00f6ffnung letzte Woche in China. Du findest mehr davon auf\u00a0 <span class=\"style_3\">{Datenschutz}<\/span> (einfach runterscrollen und auf den chinesischen Text neben dem Foto klicken) Ich bin der ohne Haare. Der rothaarige Junge auf den anderen Bildern, ist \u00fcbrigens mein j\u00fcngerer Sohn der mich oft in China besucht.<\/p>\n<p class=\"paragraph_style_6\">Viele Gr\u00fc\u00dfe<\/p>\n<p class=\"paragraph_style_6\">ps: Unter anderen Umst\u00e4nden h\u00e4tte sogar die Chance bestanden, das Ich Dich gefragt h\u00e4tte, wieviel denn das Ferienlager Deiner Kinder kostet und ich h\u00e4tte es bezahlt. Ich hab das schon \u00f6fter gemacht und es macht mir Spass und ich mache es gerne. Aber ich bin auch nur ein Mensch, und noch nicht so weich in der Birne, das es mir nichts ausmachen w\u00fcrde, wenn man mich als Arschloch bezeichnet.<\/p>\n<p class=\"paragraph_style_8\">die Antwort darauf:<\/p>\n<p class=\"paragraph_style_6\"><strong>Hallo Frank, <\/strong><\/p>\n<p class=\"paragraph_style_6\"><strong>da bin ich wohl direkt ins Fettn\u00e4pfchen getreten.Erstmal nehme ich meine verbale Beleidigung zur\u00fcck und entschuldige mich bei dir. <\/strong><\/p>\n<p class=\"paragraph_style_6\"><strong>Ich war nur so w\u00fctend und in Rage als ich das bei Dir gelesen habe das es Menschen gibt die ihr Geld verschenken. Es gibt soviele Fakes die gutgl\u00e4ubige Menschen verarschen und sich nicht \u00fcber die Folgen im klaren sind. <\/strong><\/p>\n<p class=\"paragraph_style_6\"><strong>Ich habe auch nicht im geringsten mit einer Reaktion von Dir gerechnet,wer glaubt denn schon das es noch Menschen wie dich gibt die das was sie von sich geben auch ernst meinen. <\/strong><\/p>\n<p class=\"paragraph_style_6\"><strong>Aber es gibt Ausnahmen ,wie man bei Dir sieht. <\/strong><\/p>\n<p class=\"paragraph_style_6\"><strong>Ich hoffe du nimmst meine Entschuldigung an und nat\u00fcrlich sende ich Dir die 10\u20ac auch wieder zur\u00fcck. <\/strong><\/p>\n<p class=\"paragraph_style_6\"><strong>Geben und Nehmen ist f\u00fcr mich zwar was erfreuliches ,aber nur wenn es auch von dem anderen gewollt und von Herzen kommt. Da es aber nur als ein Beweis deiner Ehrlichkeit ist ,das du auch real \u201cexistiert\u201c finde ich die \u201cGeldspende\u201c nicht gerechtfertigt und m\u00f6chte es auch nicht annehmen.Auch wenn ich es nat\u00fcrlich gut gebrauchen k\u00f6nnte,aber ein bissel Stolz hab ich dann auch. <\/strong><\/p>\n<p class=\"paragraph_style_6\"><strong>Ich w\u00fcnsche Dir weiterhin viel Erfolg sei es nun beruflich oder auch privat . <\/strong><\/p>\n<p class=\"paragraph_style_6\"><strong>\u00dcbrigens ein interessantes Foto von Dir und deiner Arbeit .Deine S\u00f6hne k\u00f6nnen stolz sein einen so angagierten Vater zu haben. <\/strong><\/p>\n<p class=\"paragraph_style_6\"><strong>Alles Gute w\u00fcnsche ich Dir <\/strong><\/p>\n<p class=\"paragraph_style_8\">{Ende der Kommunikation}<\/p>\n<p><strong>Ich w\u00fcrde mich aber mehr interessieren wie sie an so viel Geld gekommen sind es zu verschenken \ud83d\ude00 oder ob sie Tipps f\u00fcr junge Leute haben<\/strong><\/p>\n<p>Ich bin nicht an sooooviel Geld gekommen das ich es verschenken kann. Egal wieviel Geld ich habe, ich w\u00fcrde immer etwas verschenken. Ich weis nicht, ob ich jungen Leuten Tips geben sollte, ich kann nur davon erz\u00e4hlen was f\u00fcr mich gut funktioniert hat.<br \/>\nIch hab von Anfang an immer das gemacht was mir Spass gemacht, was mich interessiert hat. Darin war ich gut und ich hatte dadurch immer Energie und Motivation. Ich hab noch in meinem Studium eine Firma gegr\u00fcndet mit Partnern. Das erste Jahr habe ich dort gearbeitet ohne Geld zu nehmen. Es war mir wichtiger etwas aufzubauen und Spass bei der Arbeit zu haben. Jetzt sind es schon 25 Jahre und es l\u00e4uft immer noch .<br \/>\nIch kenne heute viele die sagen &#8221; ich mach nur eine Arbeit wenn ich auch ordentlich Kohle daf\u00fcr bekomme&#8221;. Das mag schon sein, aber w\u00e4re ich so an die Sache rangegangen w\u00e4re ich heute bei weiten nicht dort wo ich jetzt bin. Meinen Kindern sage ich immer: mach etwas was Dir Spass macht, das Geld ist erstmal egal. Sicher hatte ich auch H\u00f6hen und Tiefen. Wir haben auch schon mal auf unser Gehalt als Chefs verzichtet, damit wir die L\u00f6hne zahlen konnten, wir haben unser privaten H\u00e4user und Renten als Sicherheit f\u00fcr einen Kredit f\u00fcr die Firma eingesetzt um sie zu retten und niemanden entlassen zu m\u00fcssen. Seit 2 Jahren verzichte ich auf meine Lohnerh\u00f6hung, damit meine Angestellten mehr Lohnerh\u00f6hung bekommen. Ich denke das wichtigste ist, sich frei von Neid und Gier zu machen. Das macht das Leben wirklich sch\u00f6ner. Jedesmal wenn ich irgendjemand Geld schenke, sp\u00fcre ich genau diese Freiheit.<\/p>\n<p><strong>Hast Du das Geld anonym versendet, denn man sieht ja an der Reaktion vieler Menschen, dass nicht alle positiv reagieren?<\/strong>\u00a0<strong>Gibt&#8217;s da einen Trick? <\/strong><strong>Oder hast Du da keine Bedenken?<\/strong><\/p>\n<p>Wenn ich Geld verschenke bin ich nicht mehr anonym. Es gibt da keinen Trick, zumindest wende ich keinen Trick an. Ich denke es ist nur fair, denn die Leute die mir schreiben sind ja auch nicht anonym f\u00fcr mich. Sicher habe ich manchmal Bedenken, wir bewegen uns schlie\u00dflich im Internet. Aber mir ist mein Projekt wichtiger. Ich hatte beim Verschenken eigentlich nur positive Erfahrungen. Bis auf ganz wenige wie zum Beispiel diese hier:<br \/>\n<em>&#8220;Sie sind f\u00fcr mich kein Anoymus mehr ,denn ich wei\u00df durch ihre Hilfe letzten Jahres fast all ihre Daten: Anschrift etc \u00a0so konnte ich sie auch schon googlen etc .Und mich \u00fcber sie Schlau lesen und glaube nicht das es ihnen Finanziell sehr Weh tut wenn sie mir nochmals Helfen.&#8221;<br \/>\n<\/em>So etwas geht dann doch schon etwas zu weit. (in der email wurde ich nach 15000\u20ac gefragt) Aber das ist ein Risiko mit dem ich leben muss.<\/p>\n<p><strong>Hallo, <\/strong><br \/>\n<strong>ich bin gerade erst \u00fcber deine Seite gestolpert und komme aus dem lesen nicht mehr heraus. Ich liebe deine Art zu schreiben und finde, Du solltest unbedingt ein Buch schreiben. So oft habe ich mir \u00e4hnliche Gedanken gemacht aber nichts davon umgesetzt. Und nun sehe ich, dass es einfach jemand gemacht hat. Mich \u00e4rgert nur, dass ich es erst so sp\u00e4t sehe. Und warum ist das so? Dein Projekt sollte nach soooo langer Zeit mindestens 1.000.000 Nachahmer haben! Mich motiviert es jedenfalls und ich danke Dir daf\u00fcr. Ich finde es \u00fcbrigens echt bemerkenswert, wie du mit so manchen Kommentaren umgehst. Also, wenn Du nicht Atheist w\u00e4rst, w\u00fcrde ich Dich f\u00fcr Jesus halten \ud83d\ude09 Ob ich Geld brauche? Oh ja&#8230; Ob ich welches m\u00f6chte? Nein&#8230; du kannst Dir nicht vorstellen was es mir gerade jetzt, in diesem Moment, bedeutet so etwas zu lesen. Das ist so viel mehr wert \ud83d\ude42<\/strong><\/p>\n<p>Danke!<\/p>\n<p><strong>Du bist ein Beispiel, wie Menschen auch sein k\u00f6nnen. Neben all den schlechten Nachrichten. Danke! Tausend Dank und bete, dass dein Verhalten exponentiell sein m\u00f6ge. Jedenfalls inspiriert es mich.<\/strong><\/p>\n<p>Danke, es freut mich zu h\u00f6ren, das mein Projekt diese Wirkung hat.<\/p>\n<p><strong>scheiss l\u00fcgner ich kann dir nicht mal meine geschichte senden du bist gemein und ich bin der beste!<\/strong><\/p>\n<p>Tut mir leid, wenn etwas schief gegangen ist. Du kannst mir eine email unter diesem <a href=\"http:\/\/blog.geschenktes-geld.de\/?page_id=29\">Link<\/a> schicken, oder unten einen Kommentar abgeben. Andere Leute haben es auch geschafft.<\/p>\n<p>&nbsp;<\/p>\n","protected":false},"excerpt":{"rendered":"<p>Auf dieser Seite will ich ein paar Zitate aus euren emails ver\u00f6ffentlichen. Alle Zitate werden anonym ver\u00f6ffentlicht, und ich werde drauf achten, das keine R\u00fcckschl\u00fcsse auf Euch m\u00f6glich sind. bei all der unendlichen gier die auf unserem planeten herscht,ist es sch\u00f6n da\u00df es noch menschen wie dich giebt.du hast mich zum nachdenken gebracht.mach weiter so &hellip; <a href=\"http:\/\/blog.geschenktes-geld.de\/?page_id=23\" class=\"more-link\">Weiterlesen <span class=\"screen-reader-text\">Feedback<\/span><\/a><\/p>\n","protected":false},"author":1,"featured_media":0,"parent":0,"menu_order":2,"comment_status":"open","ping_status":"closed","template":"","meta":{"jetpack_post_was_ever_published":false,"footnotes":""},"jetpack_sharing_enabled":true,"jetpack_shortlink":"https:\/\/wp.me\/P8QNB0-n","jetpack-related-posts":[],"_links":{"self":[{"href":"http:\/\/blog.geschenktes-geld.de\/index.php?rest_route=\/wp\/v2\/pages\/23"}],"collection":[{"href":"http:\/\/blog.geschenktes-geld.de\/index.php?rest_route=\/wp\/v2\/pages"}],"about":[{"href":"http:\/\/blog.geschenktes-geld.de\/index.php?rest_route=\/wp\/v2\/types\/page"}],"author":[{"embeddable":true,"href":"http:\/\/blog.geschenktes-geld.de\/index.php?rest_route=\/wp\/v2\/users\/1"}],"replies":[{"embeddable":true,"href":"http:\/\/blog.geschenktes-geld.de\/index.php?rest_route=%2Fwp%2Fv2%2Fcomments&post=23"}],"version-history":[{"count":5,"href":"http:\/\/blog.geschenktes-geld.de\/index.php?rest_route=\/wp\/v2\/pages\/23\/revisions"}],"predecessor-version":[{"id":196,"href":"http:\/\/blog.geschenktes-geld.de\/index.php?rest_route=\/wp\/v2\/pages\/23\/revisions\/196"}],"wp:attachment":[{"href":"http:\/\/blog.geschenktes-geld.de\/index.php?rest_route=%2Fwp%2Fv2%2Fmedia&parent=23"}],"curies":[{"name":"wp","href":"https:\/\/api.w.org\/{rel}","templated":true}]}}